{"id":13891,"date":"2025-04-23T11:06:31","date_gmt":"2025-04-23T14:06:31","guid":{"rendered":"https:\/\/br44.com\/br\/product\/v0034-75a-olho-grego-patch-bordado-65x70cm\/"},"modified":"2026-04-24T07:11:50","modified_gmt":"2026-04-24T10:11:50","slug":"v0034-75a-olho-grego-patch-bordado-65x70cm","status":"publish","type":"product","link":"https:\/\/br44.com\/br\/product\/v0034-75a-olho-grego-patch-bordado-65x70cm\/","title":{"rendered":"V0034-75A Olho Grego Patch Bordado 6,5&#215;7,0cm"},"content":{"rendered":"<p>Aut\u00eantico BR44 (Desde 1987)<\/p>\n<p>4 op\u00e7\u00f5es:<\/p>\n<p>1- Termo adesivo ou costura.<\/p>\n<p>2- Fecho de contato. (DISPON\u00cdVEL EM BREVE)<\/p>\n<p>3- Chaveiro. (DISPON\u00cdVEL EM BREVE)<\/p>\n<p>4- Arquivo Matriz para bordar em m\u00e1quina eletr\u00f4nica, formato: DSB, DST, EXP, HUS, JEF, PCS, PES, SEW, VP3, XXX.<\/p>\n<p class=\"\" data-start=\"192\" data-end=\"489\">Prote\u00e7\u00e3o e estilo em um s\u00f3 detalhe! O patch bordado de olho grego \u00e9 perfeito para quem ama simbolismos e quer adicionar um toque m\u00edstico \u00e0s suas roupas e acess\u00f3rios. Representando prote\u00e7\u00e3o contra energias negativas, esse amuleto milenar vai deixar seu visual mais aut\u00eantico e cheio de significado.<\/p>\n<ul data-start=\"491\" data-end=\"764\">\n<li class=\"\" data-start=\"491\" data-end=\"543\">\n<p class=\"\" data-start=\"493\" data-end=\"543\"><strong data-start=\"493\" data-end=\"505\">Tamanho:<\/strong> Aproximadamente 6,5 cm x 7,0 cm;<\/p>\n<\/li>\n<li class=\"\" data-start=\"544\" data-end=\"615\">\n<p class=\"\" data-start=\"546\" data-end=\"615\"><strong data-start=\"546\" data-end=\"560\">Aplica\u00e7\u00e3o:<\/strong> Termocolante (pode ser aplicado com ferro de passar ou costurar);<\/p>\n<\/li>\n<li class=\"\" data-start=\"616\" data-end=\"666\">\n<p class=\"\" data-start=\"618\" data-end=\"666\"><strong data-start=\"618\" data-end=\"631\">Material:<\/strong> Bordado no veludo branco com acabamento refor\u00e7ado;<\/p>\n<\/li>\n<li class=\"\" data-start=\"667\" data-end=\"764\">\n<p class=\"\" data-start=\"669\" data-end=\"764\"><strong data-start=\"669\" data-end=\"684\">Ideal para:<\/strong> Customiza\u00e7\u00e3o de jaquetas, bolsas, bon\u00e9s, presentes espirituais ou uso pessoal;<\/p>\n<\/li>\n<\/ul>\n<p class=\"\" data-start=\"766\" data-end=\"827\">Leve com voc\u00ea um s\u00edmbolo de sorte, prote\u00e7\u00e3o e boas vibra\u00e7\u00f5es!<\/p>\n","protected":false},"excerpt":{"rendered":"<p>Aut\u00eantico BR44 (Desde 1987) 4 op\u00e7\u00f5es: 1- Termo adesivo ou costura. 2- Fecho de contato. (DISPON\u00cdVEL EM BREVE) 3- Chaveiro. (DISPON\u00cdVEL EM BREVE) 4- Arquivo Matriz para bordar em m\u00e1quina eletr\u00f4nica, formato: DSB, DST, EXP, HUS, JEF, PCS, PES, SEW, VP3, XXX. Prote\u00e7\u00e3o e estilo em um s\u00f3 detalhe! O patch bordado de olho grego&#8230;<\/p>\n","protected":false},"featured_media":13968,"comment_status":"open","ping_status":"closed","template":"","meta":{"_kadence_starter_templates_imported_post":false,"_kad_post_transparent":"default","_kad_post_title":"","_kad_post_layout":"default","_kad_post_sidebar_id":"","_kad_post_content_style":"default","_kad_post_vertical_padding":"default","_kad_post_feature":"","_kad_post_feature_position":"","_kad_post_header":false,"_kad_post_footer":false,"_kad_post_classname":""},"product_brand":[],"product_cat":[16,24],"product_tag":[],"class_list":{"0":"post-13891","1":"product","2":"type-product","3":"status-publish","4":"has-post-thumbnail","6":"product_cat-bordado","7":"product_cat-variados","8":"product_shipping_class-light","10":"first","11":"instock","12":"shipping-taxable","13":"purchasable","14":"product-type-variable","15":"entry","16":"content-bg","17":"loop-entry"},"_links":{"self":[{"href":"https:\/\/br44.com\/br\/wp-json\/wp\/v2\/product\/13891","targetHints":{"allow":["GET"]}}],"collection":[{"href":"https:\/\/br44.com\/br\/wp-json\/wp\/v2\/product"}],"about":[{"href":"https:\/\/br44.com\/br\/wp-json\/wp\/v2\/types\/product"}],"replies":[{"embeddable":true,"href":"https:\/\/br44.com\/br\/wp-json\/wp\/v2\/comments?post=13891"}],"wp:featuredmedia":[{"embeddable":true,"href":"https:\/\/br44.com\/br\/wp-json\/wp\/v2\/media\/13968"}],"wp:attachment":[{"href":"https:\/\/br44.com\/br\/wp-json\/wp\/v2\/media?parent=13891"}],"wp:term":[{"taxonomy":"product_brand","embeddable":true,"href":"https:\/\/br44.com\/br\/wp-json\/wp\/v2\/product_brand?post=13891"},{"taxonomy":"product_cat","embeddable":true,"href":"https:\/\/br44.com\/br\/wp-json\/wp\/v2\/product_cat?post=13891"},{"taxonomy":"product_tag","embeddable":true,"href":"https:\/\/br44.com\/br\/wp-json\/wp\/v2\/product_tag?post=13891"}],"curies":[{"name":"wp","href":"https:\/\/api.w.org\/{rel}","templated":true}]}}