{"id":13885,"date":"2025-04-23T10:35:53","date_gmt":"2025-04-23T13:35:53","guid":{"rendered":"https:\/\/br44.com\/br\/product\/v0010-001-i-love-music-patch-bordado-72x50cm\/"},"modified":"2026-03-04T14:52:48","modified_gmt":"2026-03-04T17:52:48","slug":"v0010-001-i-love-music-patch-bordado-72x50cm","status":"publish","type":"product","link":"https:\/\/br44.com\/br\/product\/v0010-001-i-love-music-patch-bordado-72x50cm\/","title":{"rendered":"V0010-001 I Love Music Patch Bordado 7,2&#215;5,0cm"},"content":{"rendered":"<p>Aut\u00eantico BR44 (Desde 1987)<\/p>\n<p>4 op\u00e7\u00f5es:<\/p>\n<p>1- Termo adesivo ou costura.<\/p>\n<p>2- Fecho de contato. (DISPON\u00cdVEL EM BREVE)<\/p>\n<p>3- Chaveiro. (DISPON\u00cdVEL EM BREVE)<\/p>\n<p>4- Arquivo Matriz para bordar em m\u00e1quina eletr\u00f4nica, formato: DSB, DST, EXP, HUS, JEF, PCS, PES, SEW, VP3, XXX.<\/p>\n<p>Declare seu amor com estilo! Esse patch bordado \u00e9 perfeito para customizar roupas, mochilas, jaquetas, bon\u00e9s ou onde mais sua criatividade mandar. Com design vibrante e acabamento de alta qualidade, ele traz a frase \u201cI Love My Girlfriend\u201d com um toque divertido e apaixonado.<\/p>\n<p>\u2022Tamanho: Aproximadamente 7,2 cm x 5,0 cm;<\/p>\n<p>\u2022Aplica\u00e7\u00e3o: Termocolante (pode ser aplicado com ferro de passar ou costurar);<\/p>\n<p>\u2022Material: Bordado no veludo branco com acabamento refor\u00e7ado;<\/p>\n<p>\u2022Ideal para: Presentes criativos, customiza\u00e7\u00f5es e DIY apaixonados;<\/p>\n<p>Mostre ao mundo o quanto voc\u00ea ama sua namorada com esse detalhe cheio de personalidade!<\/p>\n","protected":false},"excerpt":{"rendered":"<p>Aut\u00eantico BR44 (Desde 1987) 4 op\u00e7\u00f5es: 1- Termo adesivo ou costura. 2- Fecho de contato. (DISPON\u00cdVEL EM BREVE) 3- Chaveiro. (DISPON\u00cdVEL EM BREVE) 4- Arquivo Matriz para bordar em m\u00e1quina eletr\u00f4nica, formato: DSB, DST, EXP, HUS, JEF, PCS, PES, SEW, VP3, XXX. Declare seu amor com estilo! Esse patch bordado \u00e9 perfeito para customizar roupas,&#8230;<\/p>\n","protected":false},"featured_media":13906,"comment_status":"open","ping_status":"closed","template":"","meta":{"_kadence_starter_templates_imported_post":false,"_kad_post_transparent":"default","_kad_post_title":"","_kad_post_layout":"default","_kad_post_sidebar_id":"","_kad_post_content_style":"default","_kad_post_vertical_padding":"default","_kad_post_feature":"","_kad_post_feature_position":"","_kad_post_header":false,"_kad_post_footer":false,"_kad_post_classname":""},"product_brand":[],"product_cat":[16,24],"product_tag":[],"class_list":{"0":"post-13885","1":"product","2":"type-product","3":"status-publish","4":"has-post-thumbnail","6":"product_cat-bordado","7":"product_cat-variados","8":"product_shipping_class-light","10":"first","11":"instock","12":"shipping-taxable","13":"purchasable","14":"product-type-variable","15":"entry","16":"content-bg","17":"loop-entry"},"_links":{"self":[{"href":"https:\/\/br44.com\/br\/wp-json\/wp\/v2\/product\/13885","targetHints":{"allow":["GET"]}}],"collection":[{"href":"https:\/\/br44.com\/br\/wp-json\/wp\/v2\/product"}],"about":[{"href":"https:\/\/br44.com\/br\/wp-json\/wp\/v2\/types\/product"}],"replies":[{"embeddable":true,"href":"https:\/\/br44.com\/br\/wp-json\/wp\/v2\/comments?post=13885"}],"wp:featuredmedia":[{"embeddable":true,"href":"https:\/\/br44.com\/br\/wp-json\/wp\/v2\/media\/13906"}],"wp:attachment":[{"href":"https:\/\/br44.com\/br\/wp-json\/wp\/v2\/media?parent=13885"}],"wp:term":[{"taxonomy":"product_brand","embeddable":true,"href":"https:\/\/br44.com\/br\/wp-json\/wp\/v2\/product_brand?post=13885"},{"taxonomy":"product_cat","embeddable":true,"href":"https:\/\/br44.com\/br\/wp-json\/wp\/v2\/product_cat?post=13885"},{"taxonomy":"product_tag","embeddable":true,"href":"https:\/\/br44.com\/br\/wp-json\/wp\/v2\/product_tag?post=13885"}],"curies":[{"name":"wp","href":"https:\/\/api.w.org\/{rel}","templated":true}]}}