{"id":13789,"date":"2025-04-10T09:05:05","date_gmt":"2025-04-10T12:05:05","guid":{"rendered":"https:\/\/br44.com\/br\/product\/b-021-bandeira-paises-e-estados-patch-bordado-102x68-cm\/"},"modified":"2025-05-12T10:20:06","modified_gmt":"2025-05-12T13:20:06","slug":"b-021-bandeira-paises-e-estados-patch-bordado-102x68-cm","status":"publish","type":"product","link":"https:\/\/br44.com\/br\/product\/b-021-bandeira-paises-e-estados-patch-bordado-102x68-cm\/","title":{"rendered":"B-021 Bandeira Pa\u00edses e Estados Patch Bordado 10,2&#215;6,8 cm"},"content":{"rendered":"<h2 style=\"margin: 20px 0px; padding: 0px; border: 0px; line-height: 1.4; vertical-align: baseline; font-family: Arial, Helvetica, sans-serif; font-size: 18px; font-weight: 400; color: #333333;\">Aut\u00eantico BR44 (Desde 1987).<\/h2>\n<p style=\"font-size: 16px; margin-bottom: 20px; padding: 0px; border: 0px; line-height: inherit; vertical-align: baseline; font-family: Arial, Helvetica, sans-serif; color: #4a4a4a;\">Tamanho: 10,2 x 6,8 cm.<\/p>\n<p style=\"font-size: 16px; margin-bottom: 20px; padding: 0px; border: 0px; line-height: inherit; vertical-align: baseline; font-family: Arial, Helvetica, sans-serif; color: #4a4a4a;\">4 op\u00e7\u00f5es:<\/p>\n<p style=\"font-size: 16px; margin-bottom: 20px; padding: 0px; border: 0px; line-height: inherit; vertical-align: baseline; font-family: Arial, Helvetica, sans-serif; color: #4a4a4a;\">1- Termo adesivo ou costura.<\/p>\n<p style=\"font-size: 16px; margin-bottom: 20px; padding: 0px; border: 0px; line-height: inherit; vertical-align: baseline; font-family: Arial, Helvetica, sans-serif; color: #4a4a4a;\">2- Fecho de contato.<\/p>\n<p style=\"font-size: 16px; margin-bottom: 20px; padding: 0px; border: 0px; line-height: inherit; vertical-align: baseline; font-family: Arial, Helvetica, sans-serif; color: #4a4a4a;\">3- Chaveiro.<\/p>\n<p style=\"font-size: 16px; margin-bottom: 20px; padding: 0px; border: 0px; line-height: inherit; vertical-align: baseline; font-family: Arial, Helvetica, sans-serif; color: #4a4a4a;\">4- Arquivo Matriz para bordar em m\u00e1quina eletr\u00f4nica, formato: DSB, DST, EXP, HUS, JEF, PCS, PES, SEW, VP3, XXX.<\/p>\n<p style=\"font-size: 16px; margin-bottom: 20px; padding: 0px; border: 0px; line-height: inherit; vertical-align: baseline; font-family: Arial, Helvetica, sans-serif; color: #4a4a4a;\">Bordado de alta qualidade.100% BORDADO, resistente as lavagens e ao desbotamento, bordado com fios de poli\u00e9ster de alto brilho.<\/p>\n<p style=\"font-size: 16px; margin-bottom: 20px; padding: 0px; border: 0px; line-height: inherit; vertical-align: baseline; font-family: Arial, Helvetica, sans-serif; color: #4a4a4a;\">Sugest\u00f5es de uso: Aplicar em bon\u00e9s, chap\u00e9us, quimonos, camisas, mochilas e equipamentos t\u00e1ticos. ou qualquer outra pe\u00e7a de roupa para dar o seu toque pessoal e \u00fanico.<\/p>\n<p style=\"font-size: 16px; margin-bottom: 20px; padding: 0px; border: 0px; line-height: inherit; vertical-align: baseline; font-family: Arial, Helvetica, sans-serif; color: #4a4a4a;\">Temos a melhor qualidade e o melhor atendimento do mercado.<\/p>\n<p style=\"font-size: 16px; margin-bottom: 20px; padding: 0px; border: 0px; line-height: inherit; vertical-align: baseline; font-family: Arial, Helvetica, sans-serif; color: #4a4a4a;\">Clique em comprar e conhe\u00e7a nosso trabalho.<\/p>\n","protected":false},"excerpt":{"rendered":"<p>Aut\u00eantico BR44 (Desde 1987). Tamanho: 10,2 x 6,8 cm. 4 op\u00e7\u00f5es: 1- Termo adesivo ou costura. 2- Fecho de contato. 3- Chaveiro. 4- Arquivo Matriz para bordar em m\u00e1quina eletr\u00f4nica, formato: DSB, DST, EXP, HUS, JEF, PCS, PES, SEW, VP3, XXX. Bordado de alta qualidade.100% BORDADO, resistente as lavagens e ao desbotamento, bordado com fios&#8230;<\/p>\n","protected":false},"featured_media":7933,"comment_status":"open","ping_status":"closed","template":"","meta":{"_kadence_starter_templates_imported_post":false,"_kad_post_transparent":"default","_kad_post_title":"","_kad_post_layout":"default","_kad_post_sidebar_id":"","_kad_post_content_style":"default","_kad_post_vertical_padding":"default","_kad_post_feature":"","_kad_post_feature_position":"","_kad_post_header":false,"_kad_post_footer":false,"_kad_post_classname":""},"product_brand":[],"product_cat":[102,17,16],"product_tag":[],"class_list":{"0":"post-13789","1":"product","2":"type-product","3":"status-publish","4":"has-post-thumbnail","6":"product_cat-102x68mm","7":"product_cat-bandeira","8":"product_cat-bordado","9":"product_shipping_class-light","11":"first","12":"onbackorder","13":"shipping-taxable","14":"purchasable","15":"product-type-variable","16":"entry","17":"content-bg","18":"loop-entry"},"_links":{"self":[{"href":"https:\/\/br44.com\/br\/wp-json\/wp\/v2\/product\/13789","targetHints":{"allow":["GET"]}}],"collection":[{"href":"https:\/\/br44.com\/br\/wp-json\/wp\/v2\/product"}],"about":[{"href":"https:\/\/br44.com\/br\/wp-json\/wp\/v2\/types\/product"}],"replies":[{"embeddable":true,"href":"https:\/\/br44.com\/br\/wp-json\/wp\/v2\/comments?post=13789"}],"wp:featuredmedia":[{"embeddable":true,"href":"https:\/\/br44.com\/br\/wp-json\/wp\/v2\/media\/7933"}],"wp:attachment":[{"href":"https:\/\/br44.com\/br\/wp-json\/wp\/v2\/media?parent=13789"}],"wp:term":[{"taxonomy":"product_brand","embeddable":true,"href":"https:\/\/br44.com\/br\/wp-json\/wp\/v2\/product_brand?post=13789"},{"taxonomy":"product_cat","embeddable":true,"href":"https:\/\/br44.com\/br\/wp-json\/wp\/v2\/product_cat?post=13789"},{"taxonomy":"product_tag","embeddable":true,"href":"https:\/\/br44.com\/br\/wp-json\/wp\/v2\/product_tag?post=13789"}],"curies":[{"name":"wp","href":"https:\/\/api.w.org\/{rel}","templated":true}]}}