{"id":13770,"date":"2025-04-08T14:50:06","date_gmt":"2025-04-08T17:50:06","guid":{"rendered":"https:\/\/br44.com\/br\/product\/k0002-120a-chaveiro-moto-carro-placa-patch-bordado-12x32cm\/"},"modified":"2026-01-29T15:39:53","modified_gmt":"2026-01-29T18:39:53","slug":"k0002-120a-chaveiro-moto-carro-placa-patch-bordado-12x32cm","status":"publish","type":"product","link":"https:\/\/br44.com\/br\/product\/k0002-120a-chaveiro-moto-carro-placa-patch-bordado-12x32cm\/","title":{"rendered":"K0002-120A Chaveiro Moto Carro Placa Patch Bordado 12&#215;3,2cm"},"content":{"rendered":"<p>Aut\u00eantico BR44 (Desde 1987)<\/p>\n<p>Tamanho: 12 x 3<span id=\"nomeProdutoHeader\">,2 cm.<\/span><\/p>\n<div>Chaveiro Personalizado com Logo da Marca do Carro\/Moto + Placa do Ve\u00edculo<\/div>\n<div><\/div>\n<div>Quer deixar suas chaves com a sua cara? Com nosso chaveiro personalizado, voc\u00ea escolhe a marca do seu ve\u00edculo e ainda adiciona a placa, criando um acess\u00f3rio exclusivo e cheio de estilo!<\/div>\n<div><\/div>\n<div>Ideal para apaixonados por carros e \u00f3timo para presentear!<\/div>\n<div><\/div>\n<div>Caracter\u00edsticas:<\/div>\n<div>\u2022Material resistente e dur\u00e1vel;<\/div>\n<div>\u2022Bordado com o logo da marca do seu carro\/moto;<\/div>\n<div>\u2022Personaliza\u00e7\u00e3o com a placa do ve\u00edculo;<\/div>\n<div>\u2022Leve, pr\u00e1tico e marcante;<\/div>\n<div><\/div>\n<div>Como funciona:<\/div>\n<div>1.Fa\u00e7a seu pedido<\/div>\n<div>2.Envie a marca que deseja e a placa para personaliza\u00e7\u00e3o<\/div>\n<div>3.Receba um chaveiro \u00fanico feito especialmente para voc\u00ea!<\/div>\n","protected":false},"excerpt":{"rendered":"<p>Aut\u00eantico BR44 (Desde 1987) Tamanho: 12 x 3,2 cm. Chaveiro Personalizado com Logo da Marca do Carro\/Moto + Placa do Ve\u00edculo Quer deixar suas chaves com a sua cara? Com nosso chaveiro personalizado, voc\u00ea escolhe a marca do seu ve\u00edculo e ainda adiciona a placa, criando um acess\u00f3rio exclusivo e cheio de estilo! Ideal para&#8230;<\/p>\n","protected":false},"featured_media":13773,"comment_status":"open","ping_status":"closed","template":"","meta":{"_kadence_starter_templates_imported_post":false,"_kad_post_transparent":"default","_kad_post_title":"","_kad_post_layout":"default","_kad_post_sidebar_id":"","_kad_post_content_style":"default","_kad_post_vertical_padding":"default","_kad_post_feature":"","_kad_post_feature_position":"","_kad_post_header":false,"_kad_post_footer":false,"_kad_post_classname":""},"product_brand":[],"product_cat":[16,25],"product_tag":[144],"class_list":{"0":"post-13770","1":"product","2":"type-product","3":"status-publish","4":"has-post-thumbnail","6":"product_cat-bordado","7":"product_cat-personalizado","8":"product_tag-chaveiro","9":"product_shipping_class-light","10":"wcpa_has_options","12":"first","13":"instock","14":"shipping-taxable","15":"purchasable","16":"product-type-variable","17":"entry","18":"content-bg","19":"loop-entry"},"_links":{"self":[{"href":"https:\/\/br44.com\/br\/wp-json\/wp\/v2\/product\/13770","targetHints":{"allow":["GET"]}}],"collection":[{"href":"https:\/\/br44.com\/br\/wp-json\/wp\/v2\/product"}],"about":[{"href":"https:\/\/br44.com\/br\/wp-json\/wp\/v2\/types\/product"}],"replies":[{"embeddable":true,"href":"https:\/\/br44.com\/br\/wp-json\/wp\/v2\/comments?post=13770"}],"wp:featuredmedia":[{"embeddable":true,"href":"https:\/\/br44.com\/br\/wp-json\/wp\/v2\/media\/13773"}],"wp:attachment":[{"href":"https:\/\/br44.com\/br\/wp-json\/wp\/v2\/media?parent=13770"}],"wp:term":[{"taxonomy":"product_brand","embeddable":true,"href":"https:\/\/br44.com\/br\/wp-json\/wp\/v2\/product_brand?post=13770"},{"taxonomy":"product_cat","embeddable":true,"href":"https:\/\/br44.com\/br\/wp-json\/wp\/v2\/product_cat?post=13770"},{"taxonomy":"product_tag","embeddable":true,"href":"https:\/\/br44.com\/br\/wp-json\/wp\/v2\/product_tag?post=13770"}],"curies":[{"name":"wp","href":"https:\/\/api.w.org\/{rel}","templated":true}]}}