{"id":13762,"date":"2025-04-07T10:28:13","date_gmt":"2025-04-07T13:28:13","guid":{"rendered":"https:\/\/br44.com\/br\/product\/eml0126-sniper-patch-bordado-9x25cm\/"},"modified":"2026-03-09T09:08:15","modified_gmt":"2026-03-09T12:08:15","slug":"eml0126-sniper-patch-bordado-9x25cm","status":"publish","type":"product","link":"https:\/\/br44.com\/br\/product\/eml0126-sniper-patch-bordado-9x25cm\/","title":{"rendered":"EML0126 Sniper Patch Bordado 9&#215;2,5cm"},"content":{"rendered":"<p>Aut\u00eantico BR44 (Desde 1987)<\/p>\n<p>Tamanho: 9 x 2<span id=\"nomeProdutoHeader\">,5 cm.<\/span><\/p>\n<p>4 op\u00e7\u00f5es:<\/p>\n<p>1- Termo adesivo ou costura.<\/p>\n<p>2- Fecho de contato.<\/p>\n<p>3- Arquivo Matriz para bordar em m\u00e1quina eletr\u00f4nica, formato: DSB, DST, EXP, HUS, JEF, PCS, PES, SEW, VP3, XXX.<\/p>\n<p>Bordado de alta qualidade.100% BORDADO, resistente as lavagens e ao desbotamento, bordado com fios de poli\u00e9ster de alto brilho.<\/p>\n<p>Temos a melhor qualidade e o melhor atendimento do mercado.<\/p>\n<p>Clique em comprar e conhe\u00e7a nosso trabalho.<\/p>\n","protected":false},"excerpt":{"rendered":"<p>Aut\u00eantico BR44 (Desde 1987) Tamanho: 9 x 2,5 cm. 4 op\u00e7\u00f5es: 1- Termo adesivo ou costura. 2- Fecho de contato. 3- Arquivo Matriz para bordar em m\u00e1quina eletr\u00f4nica, formato: DSB, DST, EXP, HUS, JEF, PCS, PES, SEW, VP3, XXX. Bordado de alta qualidade.100% BORDADO, resistente as lavagens e ao desbotamento, bordado com fios de poli\u00e9ster&#8230;<\/p>\n","protected":false},"featured_media":13766,"comment_status":"open","ping_status":"closed","template":"","meta":{"_kadence_starter_templates_imported_post":false,"_kad_post_transparent":"default","_kad_post_title":"","_kad_post_layout":"default","_kad_post_sidebar_id":"","_kad_post_content_style":"default","_kad_post_vertical_padding":"default","_kad_post_feature":"","_kad_post_feature_position":"","_kad_post_header":false,"_kad_post_footer":false,"_kad_post_classname":""},"product_brand":[],"product_cat":[23,16],"product_tag":[],"class_list":{"0":"post-13762","1":"product","2":"type-product","3":"status-publish","4":"has-post-thumbnail","6":"product_cat-militar","7":"product_cat-bordado","8":"product_shipping_class-light","10":"first","11":"instock","12":"shipping-taxable","13":"purchasable","14":"product-type-variable","15":"entry","16":"content-bg","17":"loop-entry"},"_links":{"self":[{"href":"https:\/\/br44.com\/br\/wp-json\/wp\/v2\/product\/13762","targetHints":{"allow":["GET"]}}],"collection":[{"href":"https:\/\/br44.com\/br\/wp-json\/wp\/v2\/product"}],"about":[{"href":"https:\/\/br44.com\/br\/wp-json\/wp\/v2\/types\/product"}],"replies":[{"embeddable":true,"href":"https:\/\/br44.com\/br\/wp-json\/wp\/v2\/comments?post=13762"}],"wp:featuredmedia":[{"embeddable":true,"href":"https:\/\/br44.com\/br\/wp-json\/wp\/v2\/media\/13766"}],"wp:attachment":[{"href":"https:\/\/br44.com\/br\/wp-json\/wp\/v2\/media?parent=13762"}],"wp:term":[{"taxonomy":"product_brand","embeddable":true,"href":"https:\/\/br44.com\/br\/wp-json\/wp\/v2\/product_brand?post=13762"},{"taxonomy":"product_cat","embeddable":true,"href":"https:\/\/br44.com\/br\/wp-json\/wp\/v2\/product_cat?post=13762"},{"taxonomy":"product_tag","embeddable":true,"href":"https:\/\/br44.com\/br\/wp-json\/wp\/v2\/product_tag?post=13762"}],"curies":[{"name":"wp","href":"https:\/\/api.w.org\/{rel}","templated":true}]}}