{"id":13401,"date":"2025-02-19T11:20:56","date_gmt":"2025-02-19T14:20:56","guid":{"rendered":"https:\/\/br44.com\/br\/product\/v0009-001-love-more-wore-less-patch-bordado-68x68cm\/"},"modified":"2026-03-15T20:46:09","modified_gmt":"2026-03-15T23:46:09","slug":"v0009-001-love-more-wore-less-patch-bordado-68x68cm","status":"publish","type":"product","link":"https:\/\/br44.com\/br\/product\/v0009-001-love-more-wore-less-patch-bordado-68x68cm\/","title":{"rendered":"V0009-001 Love More Worry Less Patch Bordado 6,8&#215;6,8cm"},"content":{"rendered":"<p style=\"font-size: 16px; color: #111111; font-family: Lato, sans-serif;\">Aut\u00eantico BR44 (Desde 1987)<br \/>\nTamanho:\u00a06,8 x 6,8 cm.<br \/>\n3 op\u00e7\u00f5es:<br \/>\n1- Termo adesivo ou costura.<br \/>\n2- Chaveiro.<br \/>\n3- Arquivo Matriz para bordar em m\u00e1quina eletr\u00f4nica, formato: DSB, DST, EXP, HUS, JEF, PCS, PES, SEW, VP3, XXX.<\/p>\n<p class=\"p1\"><span class=\"s1\">Adicione um toque de leveza ao seu estilo com o patch bordado\u00a0<\/span><span class=\"s2\">\u201cLove More, Worry Less\u201d<\/span><span class=\"s1\">! Fofo e cheio de good vibes, ele \u00e9 perfeito para personalizar roupas, mochilas e acess\u00f3rios. Ideal para quem quer espalhar amor e positividade por onde passa!<\/span><\/p>\n<p style=\"font-size: 16px; color: #111111; font-family: Lato, sans-serif;\">Bordado de alta qualidade. Resistente as lavagens e ao desbotamento, bordado com fios de poli\u00e9ster de alto brilho.\u00a0Temos a melhor qualidade e o melhor atendimento do mercado.<br \/>\nClique em comprar e conhe\u00e7a nosso trabalho.<\/p>\n","protected":false},"excerpt":{"rendered":"<p>Aut\u00eantico BR44 (Desde 1987) Tamanho:\u00a06,8 x 6,8 cm. 3 op\u00e7\u00f5es: 1- Termo adesivo ou costura. 2- Chaveiro. 3- Arquivo Matriz para bordar em m\u00e1quina eletr\u00f4nica, formato: DSB, DST, EXP, HUS, JEF, PCS, PES, SEW, VP3, XXX. Adicione um toque de leveza ao seu estilo com o patch bordado\u00a0\u201cLove More, Worry Less\u201d! Fofo e cheio de&#8230;<\/p>\n","protected":false},"featured_media":13413,"comment_status":"open","ping_status":"closed","template":"","meta":{"_kadence_starter_templates_imported_post":false,"_kad_post_transparent":"default","_kad_post_title":"","_kad_post_layout":"default","_kad_post_sidebar_id":"","_kad_post_content_style":"default","_kad_post_vertical_padding":"default","_kad_post_feature":"","_kad_post_feature_position":"","_kad_post_header":false,"_kad_post_footer":false,"_kad_post_classname":""},"product_brand":[],"product_cat":[16,24],"product_tag":[142],"class_list":{"0":"post-13401","1":"product","2":"type-product","3":"status-publish","4":"has-post-thumbnail","6":"product_cat-bordado","7":"product_cat-variados","8":"product_tag-love","9":"product_shipping_class-light","11":"first","12":"instock","13":"shipping-taxable","14":"purchasable","15":"product-type-variable","16":"entry","17":"content-bg","18":"loop-entry"},"_links":{"self":[{"href":"https:\/\/br44.com\/br\/wp-json\/wp\/v2\/product\/13401","targetHints":{"allow":["GET"]}}],"collection":[{"href":"https:\/\/br44.com\/br\/wp-json\/wp\/v2\/product"}],"about":[{"href":"https:\/\/br44.com\/br\/wp-json\/wp\/v2\/types\/product"}],"replies":[{"embeddable":true,"href":"https:\/\/br44.com\/br\/wp-json\/wp\/v2\/comments?post=13401"}],"wp:featuredmedia":[{"embeddable":true,"href":"https:\/\/br44.com\/br\/wp-json\/wp\/v2\/media\/13413"}],"wp:attachment":[{"href":"https:\/\/br44.com\/br\/wp-json\/wp\/v2\/media?parent=13401"}],"wp:term":[{"taxonomy":"product_brand","embeddable":true,"href":"https:\/\/br44.com\/br\/wp-json\/wp\/v2\/product_brand?post=13401"},{"taxonomy":"product_cat","embeddable":true,"href":"https:\/\/br44.com\/br\/wp-json\/wp\/v2\/product_cat?post=13401"},{"taxonomy":"product_tag","embeddable":true,"href":"https:\/\/br44.com\/br\/wp-json\/wp\/v2\/product_tag?post=13401"}],"curies":[{"name":"wp","href":"https:\/\/api.w.org\/{rel}","templated":true}]}}