{"id":13250,"date":"2025-02-11T09:39:22","date_gmt":"2025-02-11T12:39:22","guid":{"rendered":"https:\/\/br44.com\/br\/product\/m0215-068b-atirador-desportivo-patch-bordado-68x87cm\/"},"modified":"2026-04-17T07:31:16","modified_gmt":"2026-04-17T10:31:16","slug":"m0215-068b-atirador-desportivo-patch-bordado-68x87cm","status":"publish","type":"product","link":"https:\/\/br44.com\/br\/product\/m0215-068b-atirador-desportivo-patch-bordado-68x87cm\/","title":{"rendered":"M0215-068B Atirador Desportivo Patch Bordado CAC 6,8&#215;8,7cm"},"content":{"rendered":"<p>Fabricante: BR44 patch<\/p>\n<p>Tamanho:\u00a0<span id=\"nomeProdutoHeader\">6,8 x 8,7 cm.<\/span><\/p>\n<p>Patch bordado bordado CAC de alta qualidade. Mostre sua paix\u00e3o pelo tiro esportivo e pela ca\u00e7a.<\/p>\n<p>Confeccionado com materiais de alta qualidade o patch bordado CAC \u00e9 perfeito para quem busca estilo e personalidade.<\/p>\n<p>Ideal para jaquetas, mochilas, bon\u00e9s e muito mais<\/p>\n<p>Temos qualidade e estilo em um s\u00f3 produto. Adquira agora seu patch CAC e destaque-se.<\/p>\n<p>&nbsp;<\/p>\n","protected":false},"excerpt":{"rendered":"<p>Fabricante: BR44 patch Tamanho:\u00a06,8 x 8,7 cm. Patch bordado bordado CAC de alta qualidade. Mostre sua paix\u00e3o pelo tiro esportivo e pela ca\u00e7a. Confeccionado com materiais de alta qualidade o patch bordado CAC \u00e9 perfeito para quem busca estilo e personalidade. Ideal para jaquetas, mochilas, bon\u00e9s e muito mais Temos qualidade e estilo em um&#8230;<\/p>\n","protected":false},"featured_media":13254,"comment_status":"open","ping_status":"closed","template":"","meta":{"_kadence_starter_templates_imported_post":false,"_kad_post_transparent":"default","_kad_post_title":"","_kad_post_layout":"default","_kad_post_sidebar_id":"","_kad_post_content_style":"default","_kad_post_vertical_padding":"default","_kad_post_feature":"","_kad_post_feature_position":"","_kad_post_header":false,"_kad_post_footer":false,"_kad_post_classname":""},"product_brand":[],"product_cat":[23,16],"product_tag":[],"class_list":{"0":"post-13250","1":"product","2":"type-product","3":"status-publish","4":"has-post-thumbnail","6":"product_cat-militar","7":"product_cat-bordado","8":"product_shipping_class-light","10":"first","11":"instock","12":"shipping-taxable","13":"purchasable","14":"product-type-variable","15":"entry","16":"content-bg","17":"loop-entry"},"_links":{"self":[{"href":"https:\/\/br44.com\/br\/wp-json\/wp\/v2\/product\/13250","targetHints":{"allow":["GET"]}}],"collection":[{"href":"https:\/\/br44.com\/br\/wp-json\/wp\/v2\/product"}],"about":[{"href":"https:\/\/br44.com\/br\/wp-json\/wp\/v2\/types\/product"}],"replies":[{"embeddable":true,"href":"https:\/\/br44.com\/br\/wp-json\/wp\/v2\/comments?post=13250"}],"wp:featuredmedia":[{"embeddable":true,"href":"https:\/\/br44.com\/br\/wp-json\/wp\/v2\/media\/13254"}],"wp:attachment":[{"href":"https:\/\/br44.com\/br\/wp-json\/wp\/v2\/media?parent=13250"}],"wp:term":[{"taxonomy":"product_brand","embeddable":true,"href":"https:\/\/br44.com\/br\/wp-json\/wp\/v2\/product_brand?post=13250"},{"taxonomy":"product_cat","embeddable":true,"href":"https:\/\/br44.com\/br\/wp-json\/wp\/v2\/product_cat?post=13250"},{"taxonomy":"product_tag","embeddable":true,"href":"https:\/\/br44.com\/br\/wp-json\/wp\/v2\/product_tag?post=13250"}],"curies":[{"name":"wp","href":"https:\/\/api.w.org\/{rel}","templated":true}]}}