{"id":13077,"date":"2025-01-27T16:18:19","date_gmt":"2025-01-27T19:18:19","guid":{"rendered":"https:\/\/br44.com\/br\/product\/bp0435-011-bandeira-malta-patch-bordado-57x38cm\/"},"modified":"2025-05-12T10:20:42","modified_gmt":"2025-05-12T13:20:42","slug":"bp0435-011-bandeira-malta-patch-bordado-57x38cm","status":"publish","type":"product","link":"https:\/\/br44.com\/br\/product\/bp0435-011-bandeira-malta-patch-bordado-57x38cm\/","title":{"rendered":"BP0435-011 Bandeira Malta Patch Bordado 5,7&#215;3,8cm"},"content":{"rendered":"<p>Aut\u00eantico BR44 (Desde 1987)<br \/>\nTamanho: 5,7 x 3,8 cm.<br \/>\n4 op\u00e7\u00f5es:<br \/>\n1- Termo adesivo ou costura.<br \/>\n2- Fecho de contato.<br \/>\n3- Chaveiro.<br \/>\n4- Arquivo Matriz para bordar em m\u00e1quina eletr\u00f4nica, formato: DSB, DST, EXP, HUS, JEF, PCS, PES, SEW, VP3, XXX.<\/p>\n<p>Bordado de alta qualidade.100% BORDADO, resistente as lavagens e ao desbotamento, bordado com fios de poli\u00e9ster de alto brilho.<\/p>\n<p>Sugest\u00f5es de uso: Aplicar em bon\u00e9s, chap\u00e9us, quimonos, camisas, mochilas e equipamentos t\u00e1ticos. ou qualquer outra pe\u00e7a de roupa para dar o seu toque pessoal e \u00fanico.<br \/>\nTemos a melhor qualidade e o melhor atendimento do mercado.<br \/>\nClique em comprar e conhe\u00e7a nosso trabalho.<\/p>\n","protected":false},"excerpt":{"rendered":"<p>Aut\u00eantico BR44 (Desde 1987) Tamanho: 5,7 x 3,8 cm. 4 op\u00e7\u00f5es: 1- Termo adesivo ou costura. 2- Fecho de contato. 3- Chaveiro. 4- Arquivo Matriz para bordar em m\u00e1quina eletr\u00f4nica, formato: DSB, DST, EXP, HUS, JEF, PCS, PES, SEW, VP3, XXX. Bordado de alta qualidade.100% BORDADO, resistente as lavagens e ao desbotamento, bordado com fios&#8230;<\/p>\n","protected":false},"featured_media":13089,"comment_status":"open","ping_status":"closed","template":"","meta":{"_kadence_starter_templates_imported_post":false,"_kad_post_transparent":"default","_kad_post_title":"","_kad_post_layout":"default","_kad_post_sidebar_id":"","_kad_post_content_style":"default","_kad_post_vertical_padding":"default","_kad_post_feature":"","_kad_post_feature_position":"","_kad_post_header":false,"_kad_post_footer":false,"_kad_post_classname":""},"product_brand":[],"product_cat":[99,17,16],"product_tag":[],"class_list":{"0":"post-13077","1":"product","2":"type-product","3":"status-publish","4":"has-post-thumbnail","6":"product_cat-57x38mm","7":"product_cat-bandeira","8":"product_cat-bordado","9":"product_shipping_class-light","11":"first","12":"instock","13":"shipping-taxable","14":"purchasable","15":"product-type-variable","16":"entry","17":"content-bg","18":"loop-entry"},"_links":{"self":[{"href":"https:\/\/br44.com\/br\/wp-json\/wp\/v2\/product\/13077","targetHints":{"allow":["GET"]}}],"collection":[{"href":"https:\/\/br44.com\/br\/wp-json\/wp\/v2\/product"}],"about":[{"href":"https:\/\/br44.com\/br\/wp-json\/wp\/v2\/types\/product"}],"replies":[{"embeddable":true,"href":"https:\/\/br44.com\/br\/wp-json\/wp\/v2\/comments?post=13077"}],"wp:featuredmedia":[{"embeddable":true,"href":"https:\/\/br44.com\/br\/wp-json\/wp\/v2\/media\/13089"}],"wp:attachment":[{"href":"https:\/\/br44.com\/br\/wp-json\/wp\/v2\/media?parent=13077"}],"wp:term":[{"taxonomy":"product_brand","embeddable":true,"href":"https:\/\/br44.com\/br\/wp-json\/wp\/v2\/product_brand?post=13077"},{"taxonomy":"product_cat","embeddable":true,"href":"https:\/\/br44.com\/br\/wp-json\/wp\/v2\/product_cat?post=13077"},{"taxonomy":"product_tag","embeddable":true,"href":"https:\/\/br44.com\/br\/wp-json\/wp\/v2\/product_tag?post=13077"}],"curies":[{"name":"wp","href":"https:\/\/api.w.org\/{rel}","templated":true}]}}