{"id":12886,"date":"2025-01-14T08:29:59","date_gmt":"2025-01-14T11:29:59","guid":{"rendered":"https:\/\/br44.com\/br\/product\/bd0178-001-bandeira-bordada-lgbt-75x5cm\/"},"modified":"2026-02-25T07:19:14","modified_gmt":"2026-02-25T10:19:14","slug":"bd0178-001-bandeira-bordada-lgbt-75x5cm","status":"publish","type":"product","link":"https:\/\/br44.com\/br\/product\/bd0178-001-bandeira-bordada-lgbt-75x5cm\/","title":{"rendered":"BD0178-001 Bandeira Bordada LGBT 7,5x5cm"},"content":{"rendered":"<p>Aut\u00eantico BR44 (Desde 1987)<\/p>\n<p>Tamanho: 7,5 x 5,0 cm.<\/p>\n<p>4 op\u00e7\u00f5es:<\/p>\n<p>1- Termo adesivo ou costura.<\/p>\n<p>2- Fecho de contato.<\/p>\n<p>3- Chaveiro.<\/p>\n<p>4- Arquivo Matriz para bordar em m\u00e1quina eletr\u00f4nica, formato: DSB, DST, EXP, HUS, JEF, PCS, PES, SEW, VP3, XXX.<\/p>\n<p>Bordado de alta qualidade.100% BORDADO, resistente as lavagens e ao desbotamento, bordado com fios de poli\u00e9ster de alto brilho.<\/p>\n<p>Mostre seu orgulho com o nosso patch bordado da bandeira LGBTQIA+. Perfeito para personalizar suas roupas, bolsas e acess\u00f3rios. Feito com materais de alta qualidade e desing vibrante, esse patch \u00e9 um s\u00edmbolo de diversidade e igualqualdade. \u00c9 indicado para jovens e adultos que buscam autoexpress\u00e3o e identidade. Conhe\u00e7a nosso trabalho e clique agora em comprar e em 24 horas j\u00e1 estaremos enviando pra voc\u00ea.<\/p>\n","protected":false},"excerpt":{"rendered":"<p>Aut\u00eantico BR44 (Desde 1987) Tamanho: 7,5 x 5,0 cm. 4 op\u00e7\u00f5es: 1- Termo adesivo ou costura. 2- Fecho de contato. 3- Chaveiro. 4- Arquivo Matriz para bordar em m\u00e1quina eletr\u00f4nica, formato: DSB, DST, EXP, HUS, JEF, PCS, PES, SEW, VP3, XXX. Bordado de alta qualidade.100% BORDADO, resistente as lavagens e ao desbotamento, bordado com fios&#8230;<\/p>\n","protected":false},"featured_media":12894,"comment_status":"open","ping_status":"closed","template":"","meta":{"_kadence_starter_templates_imported_post":false,"_kad_post_transparent":"default","_kad_post_title":"","_kad_post_layout":"default","_kad_post_sidebar_id":"","_kad_post_content_style":"default","_kad_post_vertical_padding":"default","_kad_post_feature":"","_kad_post_feature_position":"","_kad_post_header":false,"_kad_post_footer":false,"_kad_post_classname":""},"product_brand":[],"product_cat":[97,17,16],"product_tag":[141,140],"class_list":{"0":"post-12886","1":"product","2":"type-product","3":"status-publish","4":"has-post-thumbnail","6":"product_cat-75x50mm","7":"product_cat-bandeira","8":"product_cat-bordado","9":"product_tag-flag","10":"product_tag-lgbt","11":"product_shipping_class-light","13":"first","14":"instock","15":"shipping-taxable","16":"purchasable","17":"product-type-variable","18":"entry","19":"content-bg","20":"loop-entry"},"_links":{"self":[{"href":"https:\/\/br44.com\/br\/wp-json\/wp\/v2\/product\/12886","targetHints":{"allow":["GET"]}}],"collection":[{"href":"https:\/\/br44.com\/br\/wp-json\/wp\/v2\/product"}],"about":[{"href":"https:\/\/br44.com\/br\/wp-json\/wp\/v2\/types\/product"}],"replies":[{"embeddable":true,"href":"https:\/\/br44.com\/br\/wp-json\/wp\/v2\/comments?post=12886"}],"wp:featuredmedia":[{"embeddable":true,"href":"https:\/\/br44.com\/br\/wp-json\/wp\/v2\/media\/12894"}],"wp:attachment":[{"href":"https:\/\/br44.com\/br\/wp-json\/wp\/v2\/media?parent=12886"}],"wp:term":[{"taxonomy":"product_brand","embeddable":true,"href":"https:\/\/br44.com\/br\/wp-json\/wp\/v2\/product_brand?post=12886"},{"taxonomy":"product_cat","embeddable":true,"href":"https:\/\/br44.com\/br\/wp-json\/wp\/v2\/product_cat?post=12886"},{"taxonomy":"product_tag","embeddable":true,"href":"https:\/\/br44.com\/br\/wp-json\/wp\/v2\/product_tag?post=12886"}],"curies":[{"name":"wp","href":"https:\/\/api.w.org\/{rel}","templated":true}]}}