{"id":12477,"date":"2024-12-04T09:59:07","date_gmt":"2024-12-04T12:59:07","guid":{"rendered":"https:\/\/br44.com\/br\/product\/bp0055-0004-031-bandeira-usa-escocia-bordado-74x25cm\/"},"modified":"2025-05-12T10:27:42","modified_gmt":"2025-05-12T13:27:42","slug":"bp0055-0004-031-bandeira-usa-escocia-bordado-74x25cm","status":"publish","type":"product","link":"https:\/\/br44.com\/br\/product\/bp0055-0004-031-bandeira-usa-escocia-bordado-74x25cm\/","title":{"rendered":"BP0055-0004-031 Bandeira USA Esc\u00f3cia Bordado 7,4&#215;2,5cm"},"content":{"rendered":"<ul style=\"margin: 0px 0px 1.5em 1.5em;padding: 0px;color: #111111;font-family: Lato, sans-serif;font-size: 16px;font-style: normal;font-weight: 400;letter-spacing: normal;text-align: start;text-indent: 0px;text-transform: none;background-color: #ffffff\"><\/ul>\n<p>Aut\u00eantico BR44 (Desde 1987)<\/p>\n<p>Tamanho: 7,4&#215;2,5cm<\/p>\n<p>4 op\u00e7\u00f5es:<\/p>\n<p>1- Termo adesivo ou costura.<\/p>\n<p>2- Fecho de contato.<\/p>\n<p>3- Chaveiro.<\/p>\n<p>4- Arquivo Matriz para bordar em m\u00e1quina eletr\u00f4nica, formato: DSB, DST, EXP, HUS, JEF, PCS, PES, SEW, VP3, XXX.<\/p>\n<p>\u00a0<\/p>\n<p>Bordado de alta qualidade.100% BORDADO, resistente as lavagens e ao desbotamento, bordado com fios de poli\u00e9ster de alto brilho.<\/p>\n<p>\u00a0<\/p>\n<p>Sugest\u00f5es de uso: Aplicar em bon\u00e9s, chap\u00e9us, quimonos, camisas, mochilas e equipamentos t\u00e1ticos. ou qualquer outra pe\u00e7a de roupa para dar o seu toque pessoal e \u00fanico.\u00a0<\/p>\n<p>Temos a melhor qualidade e o melhor atendimento do mercado.<\/p>\n<p>Clique em comprar e conhe\u00e7a nosso trabalho.\u00a0<\/p>\n","protected":false},"excerpt":{"rendered":"<p>Aut\u00eantico BR44 (Desde 1987) Tamanho: 7,4&#215;2,5cm 4 op\u00e7\u00f5es: 1- Termo adesivo ou costura. 2- Fecho de contato. 3- Chaveiro. 4- Arquivo Matriz para bordar em m\u00e1quina eletr\u00f4nica, formato: DSB, DST, EXP, HUS, JEF, PCS, PES, SEW, VP3, XXX. \u00a0 Bordado de alta qualidade.100% BORDADO, resistente as lavagens e ao desbotamento, bordado com fios de poli\u00e9ster&#8230;<\/p>\n","protected":false},"featured_media":12485,"comment_status":"open","ping_status":"closed","template":"","meta":{"_kadence_starter_templates_imported_post":false,"_kad_post_transparent":"default","_kad_post_title":"","_kad_post_layout":"default","_kad_post_sidebar_id":"","_kad_post_content_style":"default","_kad_post_vertical_padding":"default","_kad_post_feature":"","_kad_post_feature_position":"","_kad_post_header":false,"_kad_post_footer":false,"_kad_post_classname":""},"product_brand":[],"product_cat":[17,16],"product_tag":[112,89],"class_list":{"0":"post-12477","1":"product","2":"type-product","3":"status-publish","4":"has-post-thumbnail","6":"product_cat-bandeira","7":"product_cat-bordado","8":"product_tag-bandeira-america-do-norte","9":"product_tag-bandeiras-europa","10":"product_shipping_class-light","12":"first","13":"instock","14":"shipping-taxable","15":"purchasable","16":"product-type-variable","17":"entry","18":"content-bg","19":"loop-entry"},"_links":{"self":[{"href":"https:\/\/br44.com\/br\/wp-json\/wp\/v2\/product\/12477","targetHints":{"allow":["GET"]}}],"collection":[{"href":"https:\/\/br44.com\/br\/wp-json\/wp\/v2\/product"}],"about":[{"href":"https:\/\/br44.com\/br\/wp-json\/wp\/v2\/types\/product"}],"replies":[{"embeddable":true,"href":"https:\/\/br44.com\/br\/wp-json\/wp\/v2\/comments?post=12477"}],"wp:featuredmedia":[{"embeddable":true,"href":"https:\/\/br44.com\/br\/wp-json\/wp\/v2\/media\/12485"}],"wp:attachment":[{"href":"https:\/\/br44.com\/br\/wp-json\/wp\/v2\/media?parent=12477"}],"wp:term":[{"taxonomy":"product_brand","embeddable":true,"href":"https:\/\/br44.com\/br\/wp-json\/wp\/v2\/product_brand?post=12477"},{"taxonomy":"product_cat","embeddable":true,"href":"https:\/\/br44.com\/br\/wp-json\/wp\/v2\/product_cat?post=12477"},{"taxonomy":"product_tag","embeddable":true,"href":"https:\/\/br44.com\/br\/wp-json\/wp\/v2\/product_tag?post=12477"}],"curies":[{"name":"wp","href":"https:\/\/api.w.org\/{rel}","templated":true}]}}