{"id":11829,"date":"2024-08-01T13:29:47","date_gmt":"2024-08-01T16:29:47","guid":{"rendered":"https:\/\/br44.com\/br\/product\/120-07114-linha-coats-sylko-para-maquina-de-bordar-4000-mts\/"},"modified":"2026-04-10T07:24:22","modified_gmt":"2026-04-10T10:24:22","slug":"120-07114-linha-coats-sylko-para-maquina-de-bordar-4000-mts","status":"publish","type":"product","link":"https:\/\/br44.com\/br\/product\/120-07114-linha-coats-sylko-para-maquina-de-bordar-4000-mts\/","title":{"rendered":"120-07114 Linha Coats Sylko Para M\u00e1quina De Bordar 4000 mts."},"content":{"rendered":"<p class=\"intro\" style=\"font-style: normal; font-weight: 400; letter-spacing: normal; text-indent: 0px; text-transform: none; font-family: FrutigerNeueW01-Thin, Ubuntu, sans-serif; margin: 0px; padding: 0px 0px 20px; font-size: 1.75rem; line-height: 2.4375rem; color: #1a1f22; text-align: left; background-color: #ffffff;\">Cor: Verde Montana<\/p>\n<p class=\"intro\" style=\"font-style: normal; font-weight: 400; letter-spacing: normal; text-indent: 0px; text-transform: none; font-family: FrutigerNeueW01-Thin, Ubuntu, sans-serif; margin: 0px; padding: 0px 0px 20px; font-size: 1.75rem; line-height: 2.4375rem; color: #1a1f22; text-align: left; background-color: #ffffff;\">Linha n\u00ba 120 para bordar em m\u00e1quina ou a m\u00e3o.<\/p>\n<p class=\"intro\" style=\"font-style: normal; font-weight: 400; letter-spacing: normal; text-indent: 0px; text-transform: none; font-family: FrutigerNeueW01-Thin, Ubuntu, sans-serif; margin: 0px; padding: 0px 0px 20px; font-size: 1.75rem; line-height: 2.4375rem; color: #1a1f22; text-align: left; background-color: #ffffff;\">Coats Sylko \u00e9 uma linha de poli\u00e9ster trilobal para bordado \u00e0 m\u00e1quina com brilho superior, durabilidade e opera\u00e7\u00e3o suave em altas velocidades.<\/p>\n<p style=\"font-style: normal; font-weight: 400; letter-spacing: normal; text-indent: 0px; text-transform: none; font-family: FrutigerNeueW01-Light, Ubuntu, sans-serif; margin: 0px; padding: 0px 0px 18px; color: #1a1f22; font-size: 17px; text-align: left; background-color: #ffffff;\">Sylko tem brilho superior, durabilidade e opera\u00e7\u00e3o suave nas velocidades mais altas, que a torna uma escolha popular entre os clientes de bordados que buscam desempenho e durabilidade.<\/p>\n<p style=\"font-style: normal; font-weight: 400; letter-spacing: normal; text-indent: 0px; text-transform: none; font-family: FrutigerNeueW01-Light, Ubuntu, sans-serif; margin: 0px; padding: 0px 0px 18px; color: #1a1f22; font-size: 17px; text-align: left; background-color: #ffffff;\">A linha de bordado Sylko permite criar logotipos bonitos, atraentes e costuras decorativas em roupas e acess\u00f3rios que est\u00e3o sujeitos a desgaste ou lavagens frequentes. Tem excelente brilho e resist\u00eancia \u00e0 abras\u00e3o superior para usos em pe\u00e7as mais exigentes.<\/p>\n","protected":false},"excerpt":{"rendered":"<p>Cor: Verde Montana Linha n\u00ba 120 para bordar em m\u00e1quina ou a m\u00e3o. Coats Sylko \u00e9 uma linha de poli\u00e9ster trilobal para bordado \u00e0 m\u00e1quina com brilho superior, durabilidade e opera\u00e7\u00e3o suave em altas velocidades. Sylko tem brilho superior, durabilidade e opera\u00e7\u00e3o suave nas velocidades mais altas, que a torna uma escolha popular entre os&#8230;<\/p>\n","protected":false},"featured_media":11832,"comment_status":"open","ping_status":"closed","template":"","meta":{"_kadence_starter_templates_imported_post":false,"_kad_post_transparent":"default","_kad_post_title":"","_kad_post_layout":"default","_kad_post_sidebar_id":"","_kad_post_content_style":"default","_kad_post_vertical_padding":"default","_kad_post_feature":"","_kad_post_feature_position":"","_kad_post_header":false,"_kad_post_footer":false,"_kad_post_classname":""},"product_brand":[],"product_cat":[82,54],"product_tag":[],"class_list":{"0":"post-11829","1":"product","2":"type-product","3":"status-publish","4":"has-post-thumbnail","6":"product_cat-linhas-para-bordar-e-costurar","7":"product_cat-vestuario","8":"product_shipping_class-pac_sedex","10":"first","11":"instock","12":"shipping-taxable","13":"purchasable","14":"product-type-simple","15":"entry","16":"content-bg","17":"loop-entry"},"_links":{"self":[{"href":"https:\/\/br44.com\/br\/wp-json\/wp\/v2\/product\/11829","targetHints":{"allow":["GET"]}}],"collection":[{"href":"https:\/\/br44.com\/br\/wp-json\/wp\/v2\/product"}],"about":[{"href":"https:\/\/br44.com\/br\/wp-json\/wp\/v2\/types\/product"}],"replies":[{"embeddable":true,"href":"https:\/\/br44.com\/br\/wp-json\/wp\/v2\/comments?post=11829"}],"wp:featuredmedia":[{"embeddable":true,"href":"https:\/\/br44.com\/br\/wp-json\/wp\/v2\/media\/11832"}],"wp:attachment":[{"href":"https:\/\/br44.com\/br\/wp-json\/wp\/v2\/media?parent=11829"}],"wp:term":[{"taxonomy":"product_brand","embeddable":true,"href":"https:\/\/br44.com\/br\/wp-json\/wp\/v2\/product_brand?post=11829"},{"taxonomy":"product_cat","embeddable":true,"href":"https:\/\/br44.com\/br\/wp-json\/wp\/v2\/product_cat?post=11829"},{"taxonomy":"product_tag","embeddable":true,"href":"https:\/\/br44.com\/br\/wp-json\/wp\/v2\/product_tag?post=11829"}],"curies":[{"name":"wp","href":"https:\/\/api.w.org\/{rel}","templated":true}]}}