{"id":11544,"date":"2024-06-07T10:40:16","date_gmt":"2024-06-07T13:40:16","guid":{"rendered":"https:\/\/br44.com\/br\/product\/be0174n-004-bandeira-parana-patch-bordado-75x63cm\/"},"modified":"2025-10-31T07:34:40","modified_gmt":"2025-10-31T10:34:40","slug":"be0174n-004-bandeira-parana-patch-bordado-75x63cm","status":"publish","type":"product","link":"https:\/\/br44.com\/br\/product\/be0174n-004-bandeira-parana-patch-bordado-75x63cm\/","title":{"rendered":"BE0174N-004 Bandeira Paran\u00e1 Patch Bordado 7,5&#215;6,3cm"},"content":{"rendered":"<ul style=\"margin: 0px 0px 1.5em 1.5em; padding: 0px; color: #111111; font-family: Lato, sans-serif; font-size: 16px; font-style: normal; font-weight: 400; letter-spacing: normal; text-align: start; text-indent: 0px; text-transform: none; background-color: #ffffff;\">\n<li><span style=\"vertical-align: inherit;\">Aut\u00eantico BR44 (Desde 1987)<\/span><\/li>\n<li><span style=\"vertical-align: inherit;\">Tamanho:\u00a0<\/span>7,5 x 6,3 cm.<\/li>\n<li><span style=\"color: #333333; font-family: Georgia, 'Times New Roman', 'Bitstream Charter', Times, serif;\">4 op\u00e7\u00f5es:<\/span><\/li>\n<li><span style=\"color: #333333; font-family: Georgia, 'Times New Roman', 'Bitstream Charter', Times, serif;\">1- Termo adesivo ou costura.<\/span><\/li>\n<li><span style=\"color: #333333; font-family: Georgia, 'Times New Roman', 'Bitstream Charter', Times, serif;\">2- Fecho de contato gancho.<\/span><\/li>\n<li><span style=\"color: #333333; font-family: Georgia, 'Times New Roman', 'Bitstream Charter', Times, serif;\">3- Chaveiro.<\/span><\/li>\n<li><span style=\"color: #333333; font-family: Georgia, 'Times New Roman', 'Bitstream Charter', Times, serif;\">4- Arquivo Matriz para bordar em m\u00e1quina eletr\u00f4nica, formato: DSB, DST, EXP, HUS, JEF, PCS, PES, SEW, VP3, XXX<\/span><\/li>\n<\/ul>\n<ul style=\"margin: 0px 0px 1.5em 1.5em; padding: 0px; color: #111111; font-family: Lato, sans-serif; font-size: 16px; font-style: normal; font-weight: 400; letter-spacing: normal; text-align: start; text-indent: 0px; text-transform: none; background-color: #ffffff;\">\n<li><span style=\"color: #111111;\">\u00a0<span style=\"font-family: Lato, sans-serif;\"><span style=\"font-size: medium;\">Patch 100% BORDADO.<\/span><\/span><\/span><\/li>\n<li>Patch bordado Bandeira do Paran\u00e1 da marca BR44 \u00e9 a escolha perfeita para quem deseja expressar sua identidade e estilo de forma \u00fanica. Com dimens\u00f5es de 7,5 cm de comprimento e 6,3 cm de largura, este patch \u00e9 ideal para personalizar roupas, mochilas e acess\u00f3rios, adicionando um toque especial a qualquer pe\u00e7a.<span style=\"color: #111111;\"><span style=\"font-family: Lato, sans-serif;\"><span style=\"font-size: medium;\">Feito com materiais de alta qualidade, o patch garante durabilidade e resist\u00eancia, mantendo suas cores vibrantes mesmo ap\u00f3s v\u00e1rias lavagens. Seu design detalhado \u00e9 um item indispens\u00e1vel para viajantes e amantes da diversidade.<\/span><\/span><\/span><span style=\"color: #111111;\"><span style=\"font-family: Lato, sans-serif;\"><span style=\"font-size: medium;\">A aplica\u00e7\u00e3o \u00e9 simples e r\u00e1pida, permitindo que voc\u00ea transforme qualquer item em uma pe\u00e7a exclusiva. Seja para uso pessoal ou como presente para amigos e familiares, o patch Bandeira do Paran\u00e1 \u00e9 uma maneira criativa de se destacar e celebrar a individualidade.<\/span><\/span><\/span>\n<p align=\"left\"><span style=\"color: #424a52;\"><span style=\"font-family: Magalu, MagaluTextos, sans-serif;\"><span style=\"font-size: large;\"><b>Sugest\u00f5es de uso:<\/b> Aplicar em bon\u00e9s, chap\u00e9us, quimonos, camisas, mochilas e equipamentos t\u00e1ticos ou qualquer outra pe\u00e7a de roupa para dar o seu toque pessoal e \u00fanico.<\/span><\/span><\/span><\/p>\n<p align=\"left\"><span style=\"color: #424a52;\"><span style=\"font-family: Magalu, MagaluTextos, sans-serif;\"><span style=\"font-size: large;\">Temos a melhor qualidade e o melhor atendimento do mercado.<\/span><\/span><\/span><\/p>\n<p align=\"left\"><span style=\"color: #424a52;\"><span style=\"font-family: Magalu, MagaluTextos, sans-serif;\"><span style=\"font-size: large;\">Clique em comprar e conhe\u00e7a nosso trabalho.<\/span><\/span><\/span><\/p>\n<\/li>\n<\/ul>\n","protected":false},"excerpt":{"rendered":"<p>Aut\u00eantico BR44 (Desde 1987) Tamanho:\u00a07,5 x 6,3 cm. 4 op\u00e7\u00f5es: 1- Termo adesivo ou costura. 2- Fecho de contato gancho. 3- Chaveiro. 4- Arquivo Matriz para bordar em m\u00e1quina eletr\u00f4nica, formato: DSB, DST, EXP, HUS, JEF, PCS, PES, SEW, VP3, XXX \u00a0Patch 100% BORDADO. Patch bordado Bandeira do Paran\u00e1 da marca BR44 \u00e9 a escolha&#8230;<\/p>\n","protected":false},"featured_media":11552,"comment_status":"open","ping_status":"closed","template":"","meta":{"_kadence_starter_templates_imported_post":false,"_kad_post_transparent":"default","_kad_post_title":"","_kad_post_layout":"default","_kad_post_sidebar_id":"","_kad_post_content_style":"default","_kad_post_vertical_padding":"default","_kad_post_feature":"","_kad_post_feature_position":"","_kad_post_header":false,"_kad_post_footer":false,"_kad_post_classname":""},"product_brand":[],"product_cat":[101,17,16],"product_tag":[108],"class_list":{"0":"post-11544","1":"product","2":"type-product","3":"status-publish","4":"has-post-thumbnail","6":"product_cat-75x63mm","7":"product_cat-bandeira","8":"product_cat-bordado","9":"product_tag-bandeiras-estados-brasil","10":"product_shipping_class-light","12":"first","13":"instock","14":"shipping-taxable","15":"purchasable","16":"product-type-variable","17":"entry","18":"content-bg","19":"loop-entry"},"_links":{"self":[{"href":"https:\/\/br44.com\/br\/wp-json\/wp\/v2\/product\/11544","targetHints":{"allow":["GET"]}}],"collection":[{"href":"https:\/\/br44.com\/br\/wp-json\/wp\/v2\/product"}],"about":[{"href":"https:\/\/br44.com\/br\/wp-json\/wp\/v2\/types\/product"}],"replies":[{"embeddable":true,"href":"https:\/\/br44.com\/br\/wp-json\/wp\/v2\/comments?post=11544"}],"wp:featuredmedia":[{"embeddable":true,"href":"https:\/\/br44.com\/br\/wp-json\/wp\/v2\/media\/11552"}],"wp:attachment":[{"href":"https:\/\/br44.com\/br\/wp-json\/wp\/v2\/media?parent=11544"}],"wp:term":[{"taxonomy":"product_brand","embeddable":true,"href":"https:\/\/br44.com\/br\/wp-json\/wp\/v2\/product_brand?post=11544"},{"taxonomy":"product_cat","embeddable":true,"href":"https:\/\/br44.com\/br\/wp-json\/wp\/v2\/product_cat?post=11544"},{"taxonomy":"product_tag","embeddable":true,"href":"https:\/\/br44.com\/br\/wp-json\/wp\/v2\/product_tag?post=11544"}],"curies":[{"name":"wp","href":"https:\/\/api.w.org\/{rel}","templated":true}]}}