{"id":10785,"date":"2024-04-03T09:51:44","date_gmt":"2024-04-03T12:51:44","guid":{"rendered":"https:\/\/br44.com\/br\/product\/bp0004n-004-bandeira-escocia-patch-bordado-75x63cm\/"},"modified":"2026-01-28T14:41:10","modified_gmt":"2026-01-28T17:41:10","slug":"bp0004n-004-bandeira-escocia-patch-bordado-75x63cm","status":"publish","type":"product","link":"https:\/\/br44.com\/br\/product\/bp0004n-004-bandeira-escocia-patch-bordado-75x63cm\/","title":{"rendered":"BP0004N-004 Bandeira Esc\u00f3cia Patch Bordado 7,5&#215;6,3cm"},"content":{"rendered":"<ul style=\"margin: 0px 0px 1.5em 1.5em;padding: 0px;color: #111111;font-family: Lato, sans-serif;font-size: 16px;font-style: normal;font-weight: 400;letter-spacing: normal;text-align: start;text-indent: 0px;text-transform: none;background-color: #ffffff\">\n<li><span style=\"vertical-align: inherit\">Aut\u00eantico BR44 (Desde 1987)<\/span><\/li>\n<li><span style=\"vertical-align: inherit\">Tamanho:\u00a0<\/span>7,5 x 6,3 cm.<\/li>\n<\/ul>\n<ul style=\"margin: 0px 0px 1.5em 1.5em;padding: 0px;color: #111111;font-family: Lato, sans-serif;font-size: 16px;font-style: normal;font-weight: 400;letter-spacing: normal;text-align: start;text-indent: 0px;text-transform: none;background-color: #ffffff\">\n<li><span style=\"color: #333333;font-family: Georgia, 'Times New Roman', 'Bitstream Charter', Times, serif\">4 op\u00e7\u00f5es:<\/span><\/li>\n<li><span style=\"color: #333333;font-family: Georgia, 'Times New Roman', 'Bitstream Charter', Times, serif\">1- Termo adesivo ou costura.<\/span><\/li>\n<li><span style=\"color: #333333;font-family: Georgia, 'Times New Roman', 'Bitstream Charter', Times, serif\">2- Fecho de contato gancho.<\/span><\/li>\n<li><span style=\"color: #333333;font-family: Georgia, 'Times New Roman', 'Bitstream Charter', Times, serif\">3- Chaveiro.<\/span><\/li>\n<li><span style=\"color: #333333;font-family: Georgia, 'Times New Roman', 'Bitstream Charter', Times, serif\">4- Arquivo Matriz para bordar em m\u00e1quina eletr\u00f4nica, formato: DSB, DST, EXP, HUS, JEF, PCS, PES, SEW, VP3, XXX.<\/span><\/li>\n<\/ul>\n<ul style=\"margin: 0px 0px 1.5em 1.5em;padding: 0px;color: #111111;font-family: Lato, sans-serif;font-size: 16px;font-style: normal;font-weight: 400;letter-spacing: normal;text-align: start;text-indent: 0px;text-transform: none;background-color: #ffffff\">\n<li><span style=\"color: #333333;font-family: Georgia, 'Times New Roman', 'Bitstream Charter', Times, serif\">Ideal <\/span>para aplicar em bon\u00e9s, chap\u00e9us, quimonos, camisas, mochilas e equipamentos t\u00e1ticos.<\/li>\n<li><span class=\"a-list-item\">Patch bordado de alta qualidade.<\/span><\/li>\n<\/ul>\n","protected":false},"excerpt":{"rendered":"<p>Aut\u00eantico BR44 (Desde 1987) Tamanho:\u00a07,5 x 6,3 cm. 4 op\u00e7\u00f5es: 1- Termo adesivo ou costura. 2- Fecho de contato gancho. 3- Chaveiro. 4- Arquivo Matriz para bordar em m\u00e1quina eletr\u00f4nica, formato: DSB, DST, EXP, HUS, JEF, PCS, PES, SEW, VP3, XXX. Ideal para aplicar em bon\u00e9s, chap\u00e9us, quimonos, camisas, mochilas e equipamentos t\u00e1ticos. Patch bordado&#8230;<\/p>\n","protected":false},"featured_media":10794,"comment_status":"open","ping_status":"closed","template":"","meta":{"_kadence_starter_templates_imported_post":false,"_kad_post_transparent":"default","_kad_post_title":"","_kad_post_layout":"default","_kad_post_sidebar_id":"","_kad_post_content_style":"default","_kad_post_vertical_padding":"default","_kad_post_feature":"","_kad_post_feature_position":"","_kad_post_header":false,"_kad_post_footer":false,"_kad_post_classname":""},"product_brand":[],"product_cat":[101,17,16],"product_tag":[89],"class_list":{"0":"post-10785","1":"product","2":"type-product","3":"status-publish","4":"has-post-thumbnail","6":"product_cat-75x63mm","7":"product_cat-bandeira","8":"product_cat-bordado","9":"product_tag-bandeiras-europa","10":"product_shipping_class-light","12":"first","13":"instock","14":"shipping-taxable","15":"purchasable","16":"product-type-variable","17":"entry","18":"content-bg","19":"loop-entry"},"_links":{"self":[{"href":"https:\/\/br44.com\/br\/wp-json\/wp\/v2\/product\/10785","targetHints":{"allow":["GET"]}}],"collection":[{"href":"https:\/\/br44.com\/br\/wp-json\/wp\/v2\/product"}],"about":[{"href":"https:\/\/br44.com\/br\/wp-json\/wp\/v2\/types\/product"}],"replies":[{"embeddable":true,"href":"https:\/\/br44.com\/br\/wp-json\/wp\/v2\/comments?post=10785"}],"wp:featuredmedia":[{"embeddable":true,"href":"https:\/\/br44.com\/br\/wp-json\/wp\/v2\/media\/10794"}],"wp:attachment":[{"href":"https:\/\/br44.com\/br\/wp-json\/wp\/v2\/media?parent=10785"}],"wp:term":[{"taxonomy":"product_brand","embeddable":true,"href":"https:\/\/br44.com\/br\/wp-json\/wp\/v2\/product_brand?post=10785"},{"taxonomy":"product_cat","embeddable":true,"href":"https:\/\/br44.com\/br\/wp-json\/wp\/v2\/product_cat?post=10785"},{"taxonomy":"product_tag","embeddable":true,"href":"https:\/\/br44.com\/br\/wp-json\/wp\/v2\/product_tag?post=10785"}],"curies":[{"name":"wp","href":"https:\/\/api.w.org\/{rel}","templated":true}]}}