{"id":9025,"date":"2023-11-23T14:40:01","date_gmt":"2023-11-23T17:40:01","guid":{"rendered":"https:\/\/br44.com\/br\/become-an-affiliate\/"},"modified":"2023-11-23T16:44:46","modified_gmt":"2023-11-23T19:44:46","slug":"become-an-affiliate","status":"publish","type":"page","link":"https:\/\/br44.com\/br\/become-an-affiliate\/","title":{"rendered":"Torne-se um afiliado"},"content":{"rendered":"<p style=\"text-align: center;\">Junte-se ao nosso programa de afiliados e ganhe comiss\u00e3o por cada venda bem-sucedida que voc\u00ea indicar ou inscri\u00e7\u00e3o de novo cliente.<\/p>\n<p style=\"text-align: center;\">Inscreva-se hoje e comece a ganhar!<\/p>\n<p>[uap-register]<\/p>\n","protected":false},"excerpt":{"rendered":"<p>Junte-se ao nosso programa de afiliados e ganhe comiss\u00e3o por cada venda bem-sucedida que voc\u00ea indicar ou inscri\u00e7\u00e3o de novo cliente. Inscreva-se hoje e comece a ganhar! [uap-register]<\/p>\n","protected":false},"author":1,"featured_media":0,"parent":0,"menu_order":0,"comment_status":"closed","ping_status":"closed","template":"","meta":{"_kadence_starter_templates_imported_post":false,"_kad_post_transparent":"","_kad_post_title":"","_kad_post_layout":"","_kad_post_sidebar_id":"","_kad_post_content_style":"","_kad_post_vertical_padding":"","_kad_post_feature":"","_kad_post_feature_position":"","_kad_post_header":false,"_kad_post_footer":false,"_kad_post_classname":"","footnotes":""},"class_list":["post-9025","page","type-page","status-publish","hentry"],"_links":{"self":[{"href":"https:\/\/br44.com\/br\/wp-json\/wp\/v2\/pages\/9025","targetHints":{"allow":["GET"]}}],"collection":[{"href":"https:\/\/br44.com\/br\/wp-json\/wp\/v2\/pages"}],"about":[{"href":"https:\/\/br44.com\/br\/wp-json\/wp\/v2\/types\/page"}],"author":[{"embeddable":true,"href":"https:\/\/br44.com\/br\/wp-json\/wp\/v2\/users\/1"}],"replies":[{"embeddable":true,"href":"https:\/\/br44.com\/br\/wp-json\/wp\/v2\/comments?post=9025"}],"version-history":[{"count":3,"href":"https:\/\/br44.com\/br\/wp-json\/wp\/v2\/pages\/9025\/revisions"}],"predecessor-version":[{"id":9032,"href":"https:\/\/br44.com\/br\/wp-json\/wp\/v2\/pages\/9025\/revisions\/9032"}],"wp:attachment":[{"href":"https:\/\/br44.com\/br\/wp-json\/wp\/v2\/media?parent=9025"}],"curies":[{"name":"wp","href":"https:\/\/api.w.org\/{rel}","templated":true}]}}